{"id":178,"date":"2024-09-09T04:35:31","date_gmt":"2024-09-09T04:35:31","guid":{"rendered":"http:\/\/benzaip.cluster028.hosting.ovh.net\/?page_id=178"},"modified":"2025-02-17T14:00:44","modified_gmt":"2025-02-17T14:00:44","slug":"about","status":"publish","type":"page","link":"https:\/\/www.benzaitenprod.com\/fr\/about\/","title":{"rendered":"\u00c0 PROPOS"},"content":{"rendered":"<div data-elementor-type=\"wp-page\" data-elementor-id=\"178\" class=\"elementor elementor-178\" data-elementor-post-type=\"page\">\n\t\t\t\t\t\t<section class=\"elementor-section elementor-top-section elementor-element elementor-element-123870d3 elementor-section-boxed elementor-section-height-default elementor-section-height-default\" data-id=\"123870d3\" data-element_type=\"section\" data-e-type=\"section\" data-settings=\"{&quot;background_background&quot;:&quot;classic&quot;}\">\n\t\t\t\t\t\t\t<div class=\"elementor-background-overlay\"><\/div>\n\t\t\t\t\t\t\t<div class=\"elementor-container elementor-column-gap-default\">\n\t\t\t\t\t<div class=\"elementor-column elementor-col-100 elementor-top-column elementor-element elementor-element-43854028\" data-id=\"43854028\" data-element_type=\"column\" data-e-type=\"column\">\n\t\t\t<div class=\"elementor-widget-wrap elementor-element-populated\">\n\t\t\t\t\t\t<div class=\"elementor-element elementor-element-7c68ccf5 elementor-widget elementor-widget-heading\" data-id=\"7c68ccf5\" data-element_type=\"widget\" data-e-type=\"widget\" data-widget_type=\"heading.default\">\n\t\t\t\t<div class=\"elementor-widget-container\">\n\t\t\t\t\t<h1 class=\"elementor-heading-title elementor-size-default\">\u00c0 PROPOS DE NOUS<\/h1>\t\t\t\t<\/div>\n\t\t\t\t<\/div>\n\t\t\t\t\t<\/div>\n\t\t<\/div>\n\t\t\t\t\t<\/div>\n\t\t<\/section>\n\t\t\t\t<section class=\"elementor-section elementor-top-section elementor-element elementor-element-32d3ccbf elementor-section-boxed elementor-section-height-default elementor-section-height-default\" data-id=\"32d3ccbf\" data-element_type=\"section\" data-e-type=\"section\">\n\t\t\t\t\t\t<div class=\"elementor-container elementor-column-gap-default\">\n\t\t\t\t\t<div class=\"elementor-column elementor-col-100 elementor-top-column elementor-element elementor-element-424017f1\" data-id=\"424017f1\" data-element_type=\"column\" data-e-type=\"column\">\n\t\t\t<div class=\"elementor-widget-wrap elementor-element-populated\">\n\t\t\t\t\t\t<div class=\"elementor-element elementor-element-465d4d6a elementor-widget elementor-widget-elementskit-heading\" data-id=\"465d4d6a\" data-element_type=\"widget\" data-e-type=\"widget\" data-widget_type=\"elementskit-heading.default\">\n\t\t\t\t<div class=\"elementor-widget-container\">\n\t\t\t\t\t<div class=\"ekit-wid-con\" ><div class=\"ekit-heading elementskit-section-title-wraper text_left   ekit_heading_tablet-   ekit_heading_mobile-\"><h2 class=\"ekit-heading--title elementskit-section-title\">NOUS SOMMES UNE SOCI\u00c9T\u00c9 DE PRODUCTION CR\u00c9ATIVE<\/h2><\/div><\/div>\t\t\t\t<\/div>\n\t\t\t\t<\/div>\n\t\t\t\t<div class=\"elementor-element elementor-element-83dc981 elementor-widget__width-initial elementor-widget-mobile__width-inherit elementor-widget elementor-widget-elementskit-heading\" data-id=\"83dc981\" data-element_type=\"widget\" data-e-type=\"widget\" data-widget_type=\"elementskit-heading.default\">\n\t\t\t\t<div class=\"elementor-widget-container\">\n\t\t\t\t\t<div class=\"ekit-wid-con\" ><div class=\"ekit-heading elementskit-section-title-wraper text_left   ekit_heading_tablet-   ekit_heading_mobile-\">\t\t\t\t<div class='ekit-heading__description'>\n\t\t\t\t\t<h5>Benzaiten Productions est une soci\u00e9t\u00e9 de production cin\u00e9matographique bas\u00e9e \u00e0 Paris avec une vision internationale, d\u00e9di\u00e9e \u00e0 la cr\u00e9ation d'histoires originales et uniques. Nous allions la ma\u00eetrise artistique \u00e0 l'expertise technique pour donner vie \u00e0 votre vision.<\/h5>\n<h5>Nous travaillons sur un large \u00e9ventail de formats, notamment la fiction, le documentaire, l'animation, la publicit\u00e9 et la mode, en nous attachant \u00e0 repousser les limites de la cr\u00e9ativit\u00e9 et \u00e0 proposer des r\u00e9cits impactants.<\/h5>\n<h5>Cr\u00e9e par un directeur de la photographie disposant d'une grande expertise technique, notre soci\u00e9t\u00e9 se repose sur des valeurs fondamentales telles que le respect, l'engagement, le plaisir et l'humanisme.<\/h5>\n<h5>Notre engagement en faveur de l'originalit\u00e9 et de l'int\u00e9grit\u00e9 de la collaboration garantit que chaque projet est \u00e9labor\u00e9 avec soin, pr\u00e9cision et cr\u00e9ativit\u00e9.<\/h5>\n<h5>Nous sommes fiers de notre int\u00e9grit\u00e9 professionnelle, favorisant des collaborations fond\u00e9es sur la confiance et le respect mutuel, tout en maintenant des normes artistiques \u00e9lev\u00e9es sur chaque projet.<\/h5>\n\t\t\t\t<\/div>\n\t\t\t<\/div><\/div>\t\t\t\t<\/div>\n\t\t\t\t<\/div>\n\t\t\t\t\t<\/div>\n\t\t<\/div>\n\t\t\t\t\t<\/div>\n\t\t<\/section>\n\t\t\t\t<section class=\"elementor-section elementor-top-section elementor-element elementor-element-dcb7cf4 elementor-section-boxed elementor-section-height-default elementor-section-height-default\" data-id=\"dcb7cf4\" data-element_type=\"section\" data-e-type=\"section\">\n\t\t\t\t\t\t<div class=\"elementor-container elementor-column-gap-default\">\n\t\t\t\t\t<div class=\"elementor-column elementor-col-100 elementor-top-column elementor-element elementor-element-b104d0a\" data-id=\"b104d0a\" data-element_type=\"column\" data-e-type=\"column\">\n\t\t\t<div class=\"elementor-widget-wrap elementor-element-populated\">\n\t\t\t\t\t\t<div class=\"elementor-element elementor-element-b387afb elementor-widget elementor-widget-elementskit-heading\" data-id=\"b387afb\" data-element_type=\"widget\" data-e-type=\"widget\" data-widget_type=\"elementskit-heading.default\">\n\t\t\t\t<div class=\"elementor-widget-container\">\n\t\t\t\t\t<div class=\"ekit-wid-con\" ><div class=\"ekit-heading elementskit-section-title-wraper text_left   ekit_heading_tablet-   ekit_heading_mobile-\"><h2 class=\"ekit-heading--title elementskit-section-title\">CLIENTS<\/h2><\/div><\/div>\t\t\t\t<\/div>\n\t\t\t\t<\/div>\n\t\t<div class=\"elementor-element elementor-element-2a8ddb3 e-grid e-con-boxed e-con e-parent\" data-id=\"2a8ddb3\" data-element_type=\"container\" data-e-type=\"container\">\n\t\t\t\t\t<div class=\"e-con-inner\">\n\t\t\t\t<div class=\"elementor-element elementor-element-8be6e78 elementor-widget elementor-widget-image\" data-id=\"8be6e78\" data-element_type=\"widget\" data-e-type=\"widget\" data-widget_type=\"image.default\">\n\t\t\t\t<div class=\"elementor-widget-container\">\n\t\t\t\t\t\t\t\t\t\t\t\t<figure class=\"wp-caption\">\n\t\t\t\t\t\t\t\t\t\t<img fetchpriority=\"high\" decoding=\"async\" width=\"800\" height=\"800\" src=\"https:\/\/www.benzaitenprod.com\/wp-content\/uploads\/2025\/02\/ABC_News_logo_sq.jpg\" class=\"attachment-large size-large wp-image-2389\" alt=\"\" srcset=\"https:\/\/www.benzaitenprod.com\/wp-content\/uploads\/2025\/02\/ABC_News_logo_sq.jpg 1000w, https:\/\/www.benzaitenprod.com\/wp-content\/uploads\/2025\/02\/ABC_News_logo_sq-300x300.jpg 300w, https:\/\/www.benzaitenprod.com\/wp-content\/uploads\/2025\/02\/ABC_News_logo_sq-150x150.jpg 150w, https:\/\/www.benzaitenprod.com\/wp-content\/uploads\/2025\/02\/ABC_News_logo_sq-768x768.jpg 768w, https:\/\/www.benzaitenprod.com\/wp-content\/uploads\/2025\/02\/ABC_News_logo_sq-12x12.jpg 12w\" sizes=\"(max-width: 800px) 100vw, 800px\" \/>\t\t\t\t\t\t\t\t\t\t\t<figcaption class=\"widget-image-caption wp-caption-text\">ABC NEWS<\/figcaption>\n\t\t\t\t\t\t\t\t\t\t<\/figure>\n\t\t\t\t\t\t\t\t\t<\/div>\n\t\t\t\t<\/div>\n\t\t\t\t<div class=\"elementor-element elementor-element-7cc6773 elementor-widget elementor-widget-image\" data-id=\"7cc6773\" data-element_type=\"widget\" data-e-type=\"widget\" data-widget_type=\"image.default\">\n\t\t\t\t<div class=\"elementor-widget-container\">\n\t\t\t\t\t\t\t\t\t\t\t\t<figure class=\"wp-caption\">\n\t\t\t\t\t\t\t\t\t\t<img decoding=\"async\" width=\"800\" height=\"800\" src=\"https:\/\/www.benzaitenprod.com\/wp-content\/uploads\/2025\/02\/AP_Logo_sq.jpg\" class=\"attachment-large size-large wp-image-2387\" alt=\"\" srcset=\"https:\/\/www.benzaitenprod.com\/wp-content\/uploads\/2025\/02\/AP_Logo_sq.jpg 1000w, https:\/\/www.benzaitenprod.com\/wp-content\/uploads\/2025\/02\/AP_Logo_sq-300x300.jpg 300w, https:\/\/www.benzaitenprod.com\/wp-content\/uploads\/2025\/02\/AP_Logo_sq-150x150.jpg 150w, https:\/\/www.benzaitenprod.com\/wp-content\/uploads\/2025\/02\/AP_Logo_sq-768x768.jpg 768w, https:\/\/www.benzaitenprod.com\/wp-content\/uploads\/2025\/02\/AP_Logo_sq-12x12.jpg 12w\" sizes=\"(max-width: 800px) 100vw, 800px\" \/>\t\t\t\t\t\t\t\t\t\t\t<figcaption class=\"widget-image-caption wp-caption-text\">ASSOCIATED PRESS<\/figcaption>\n\t\t\t\t\t\t\t\t\t\t<\/figure>\n\t\t\t\t\t\t\t\t\t<\/div>\n\t\t\t\t<\/div>\n\t\t\t\t<div class=\"elementor-element elementor-element-e85ad06 elementor-widget elementor-widget-image\" data-id=\"e85ad06\" data-element_type=\"widget\" data-e-type=\"widget\" data-widget_type=\"image.default\">\n\t\t\t\t<div class=\"elementor-widget-container\">\n\t\t\t\t\t\t\t\t\t\t\t\t<figure class=\"wp-caption\">\n\t\t\t\t\t\t\t\t\t\t<img decoding=\"async\" width=\"800\" height=\"800\" src=\"https:\/\/www.benzaitenprod.com\/wp-content\/uploads\/2025\/02\/Al_Jazeera_Logo_sq.jpg\" class=\"attachment-large size-large wp-image-2388\" alt=\"\" srcset=\"https:\/\/www.benzaitenprod.com\/wp-content\/uploads\/2025\/02\/Al_Jazeera_Logo_sq.jpg 1000w, https:\/\/www.benzaitenprod.com\/wp-content\/uploads\/2025\/02\/Al_Jazeera_Logo_sq-300x300.jpg 300w, https:\/\/www.benzaitenprod.com\/wp-content\/uploads\/2025\/02\/Al_Jazeera_Logo_sq-150x150.jpg 150w, https:\/\/www.benzaitenprod.com\/wp-content\/uploads\/2025\/02\/Al_Jazeera_Logo_sq-768x768.jpg 768w, https:\/\/www.benzaitenprod.com\/wp-content\/uploads\/2025\/02\/Al_Jazeera_Logo_sq-12x12.jpg 12w\" sizes=\"(max-width: 800px) 100vw, 800px\" \/>\t\t\t\t\t\t\t\t\t\t\t<figcaption class=\"widget-image-caption wp-caption-text\">AL JAZEERA ENGLISH<\/figcaption>\n\t\t\t\t\t\t\t\t\t\t<\/figure>\n\t\t\t\t\t\t\t\t\t<\/div>\n\t\t\t\t<\/div>\n\t\t\t\t<div class=\"elementor-element elementor-element-0c7e7a7 elementor-widget elementor-widget-image\" data-id=\"0c7e7a7\" data-element_type=\"widget\" data-e-type=\"widget\" data-widget_type=\"image.default\">\n\t\t\t\t<div class=\"elementor-widget-container\">\n\t\t\t\t\t\t\t\t\t\t\t\t<figure class=\"wp-caption\">\n\t\t\t\t\t\t\t\t\t\t<img loading=\"lazy\" decoding=\"async\" width=\"800\" height=\"800\" src=\"https:\/\/www.benzaitenprod.com\/wp-content\/uploads\/2025\/02\/WSJ_Logo_sq.jpg\" class=\"attachment-large size-large wp-image-2386\" alt=\"\" srcset=\"https:\/\/www.benzaitenprod.com\/wp-content\/uploads\/2025\/02\/WSJ_Logo_sq.jpg 1000w, https:\/\/www.benzaitenprod.com\/wp-content\/uploads\/2025\/02\/WSJ_Logo_sq-300x300.jpg 300w, https:\/\/www.benzaitenprod.com\/wp-content\/uploads\/2025\/02\/WSJ_Logo_sq-150x150.jpg 150w, https:\/\/www.benzaitenprod.com\/wp-content\/uploads\/2025\/02\/WSJ_Logo_sq-768x768.jpg 768w, https:\/\/www.benzaitenprod.com\/wp-content\/uploads\/2025\/02\/WSJ_Logo_sq-12x12.jpg 12w\" sizes=\"(max-width: 800px) 100vw, 800px\" \/>\t\t\t\t\t\t\t\t\t\t\t<figcaption class=\"widget-image-caption wp-caption-text\">WSJ<\/figcaption>\n\t\t\t\t\t\t\t\t\t\t<\/figure>\n\t\t\t\t\t\t\t\t\t<\/div>\n\t\t\t\t<\/div>\n\t\t\t\t<div class=\"elementor-element elementor-element-0c970d2 elementor-widget elementor-widget-image\" data-id=\"0c970d2\" data-element_type=\"widget\" data-e-type=\"widget\" data-widget_type=\"image.default\">\n\t\t\t\t<div class=\"elementor-widget-container\">\n\t\t\t\t\t\t\t\t\t\t\t\t<figure class=\"wp-caption\">\n\t\t\t\t\t\t\t\t\t\t<img loading=\"lazy\" decoding=\"async\" width=\"800\" height=\"800\" src=\"https:\/\/www.benzaitenprod.com\/wp-content\/uploads\/2025\/02\/Shanghai-Media-Group_logo-1024x1024.png\" class=\"attachment-large size-large wp-image-2400\" alt=\"\" srcset=\"https:\/\/www.benzaitenprod.com\/wp-content\/uploads\/2025\/02\/Shanghai-Media-Group_logo-1024x1024.png 1024w, https:\/\/www.benzaitenprod.com\/wp-content\/uploads\/2025\/02\/Shanghai-Media-Group_logo-300x300.png 300w, https:\/\/www.benzaitenprod.com\/wp-content\/uploads\/2025\/02\/Shanghai-Media-Group_logo-150x150.png 150w, https:\/\/www.benzaitenprod.com\/wp-content\/uploads\/2025\/02\/Shanghai-Media-Group_logo-768x768.png 768w, https:\/\/www.benzaitenprod.com\/wp-content\/uploads\/2025\/02\/Shanghai-Media-Group_logo-12x12.png 12w, https:\/\/www.benzaitenprod.com\/wp-content\/uploads\/2025\/02\/Shanghai-Media-Group_logo.png 1056w\" sizes=\"(max-width: 800px) 100vw, 800px\" \/>\t\t\t\t\t\t\t\t\t\t\t<figcaption class=\"widget-image-caption wp-caption-text\">SMG<\/figcaption>\n\t\t\t\t\t\t\t\t\t\t<\/figure>\n\t\t\t\t\t\t\t\t\t<\/div>\n\t\t\t\t<\/div>\n\t\t\t\t\t<\/div>\n\t\t\t\t<\/div>\n\t\t\t\t\t<\/div>\n\t\t<\/div>\n\t\t\t\t\t<\/div>\n\t\t<\/section>\n\t\t\t\t<section class=\"elementor-section elementor-top-section elementor-element elementor-element-2a66dc9 elementor-section-boxed elementor-section-height-default elementor-section-height-default\" data-id=\"2a66dc9\" data-element_type=\"section\" data-e-type=\"section\">\n\t\t\t\t\t\t<div class=\"elementor-container elementor-column-gap-default\">\n\t\t\t\t\t<div class=\"elementor-column elementor-col-100 elementor-top-column elementor-element elementor-element-d3e1258\" data-id=\"d3e1258\" data-element_type=\"column\" data-e-type=\"column\">\n\t\t\t<div class=\"elementor-widget-wrap elementor-element-populated\">\n\t\t\t\t\t\t<div class=\"elementor-element elementor-element-4099d37 elementor-widget elementor-widget-elementskit-heading\" data-id=\"4099d37\" data-element_type=\"widget\" data-e-type=\"widget\" data-widget_type=\"elementskit-heading.default\">\n\t\t\t\t<div class=\"elementor-widget-container\">\n\t\t\t\t\t<div class=\"ekit-wid-con\" ><div class=\"ekit-heading elementskit-section-title-wraper text_left   ekit_heading_tablet-   ekit_heading_mobile-\"><h2 class=\"ekit-heading--title elementskit-section-title\">PARTENAIRES<\/h2><\/div><\/div>\t\t\t\t<\/div>\n\t\t\t\t<\/div>\n\t\t<div class=\"elementor-element elementor-element-9871e41 e-grid e-con-boxed e-con e-parent\" data-id=\"9871e41\" data-element_type=\"container\" data-e-type=\"container\">\n\t\t\t\t\t<div class=\"e-con-inner\">\n\t\t\t\t<div class=\"elementor-element elementor-element-2a2fe7e elementor-widget elementor-widget-image\" data-id=\"2a2fe7e\" data-element_type=\"widget\" data-e-type=\"widget\" data-widget_type=\"image.default\">\n\t\t\t\t<div class=\"elementor-widget-container\">\n\t\t\t\t\t\t\t\t\t\t\t\t<figure class=\"wp-caption\">\n\t\t\t\t\t\t\t\t\t\t<img loading=\"lazy\" decoding=\"async\" width=\"800\" height=\"800\" src=\"https:\/\/www.benzaitenprod.com\/wp-content\/uploads\/2025\/02\/Panavision_logo.jpg\" class=\"attachment-large size-large wp-image-2393\" alt=\"\" srcset=\"https:\/\/www.benzaitenprod.com\/wp-content\/uploads\/2025\/02\/Panavision_logo.jpg 1000w, https:\/\/www.benzaitenprod.com\/wp-content\/uploads\/2025\/02\/Panavision_logo-300x300.jpg 300w, https:\/\/www.benzaitenprod.com\/wp-content\/uploads\/2025\/02\/Panavision_logo-150x150.jpg 150w, https:\/\/www.benzaitenprod.com\/wp-content\/uploads\/2025\/02\/Panavision_logo-768x768.jpg 768w, https:\/\/www.benzaitenprod.com\/wp-content\/uploads\/2025\/02\/Panavision_logo-12x12.jpg 12w\" sizes=\"(max-width: 800px) 100vw, 800px\" \/>\t\t\t\t\t\t\t\t\t\t\t<figcaption class=\"widget-image-caption wp-caption-text\">PANAVISION<\/figcaption>\n\t\t\t\t\t\t\t\t\t\t<\/figure>\n\t\t\t\t\t\t\t\t\t<\/div>\n\t\t\t\t<\/div>\n\t\t\t\t\t<\/div>\n\t\t\t\t<\/div>\n\t\t\t\t\t<\/div>\n\t\t<\/div>\n\t\t\t\t\t<\/div>\n\t\t<\/section>\n\t\t\t\t<\/div>","protected":false},"excerpt":{"rendered":"<p>about us WE ARE A CREATIVE PRODUCTION COMPANY Benzaiten Productions is a Paris-based film production company with a global perspective, dedicated to crafting original and unique stories. We blend artistic mastery with technical expertise to bring your vision to life. We work across a wide range of mediums, including fiction, documentaries, animation, commercials, and fashion, [&hellip;]<\/p>\n","protected":false},"author":2,"featured_media":0,"parent":0,"menu_order":2,"comment_status":"closed","ping_status":"closed","template":"elementor_header_footer","meta":{"footnotes":""},"class_list":["post-178","page","type-page","status-publish","hentry"],"_links":{"self":[{"href":"https:\/\/www.benzaitenprod.com\/fr\/wp-json\/wp\/v2\/pages\/178","targetHints":{"allow":["GET"]}}],"collection":[{"href":"https:\/\/www.benzaitenprod.com\/fr\/wp-json\/wp\/v2\/pages"}],"about":[{"href":"https:\/\/www.benzaitenprod.com\/fr\/wp-json\/wp\/v2\/types\/page"}],"author":[{"embeddable":true,"href":"https:\/\/www.benzaitenprod.com\/fr\/wp-json\/wp\/v2\/users\/2"}],"replies":[{"embeddable":true,"href":"https:\/\/www.benzaitenprod.com\/fr\/wp-json\/wp\/v2\/comments?post=178"}],"version-history":[{"count":161,"href":"https:\/\/www.benzaitenprod.com\/fr\/wp-json\/wp\/v2\/pages\/178\/revisions"}],"predecessor-version":[{"id":2438,"href":"https:\/\/www.benzaitenprod.com\/fr\/wp-json\/wp\/v2\/pages\/178\/revisions\/2438"}],"wp:attachment":[{"href":"https:\/\/www.benzaitenprod.com\/fr\/wp-json\/wp\/v2\/media?parent=178"}],"curies":[{"name":"wp","href":"https:\/\/api.w.org\/{rel}","templated":true}]}}